{"id":46,"date":"2014-11-28T15:24:52","date_gmt":"2014-11-28T15:24:52","guid":{"rendered":"http:\/\/nspuig.archimadrid.es\/?page_id=46"},"modified":"2021-09-19T17:51:11","modified_gmt":"2021-09-19T15:51:11","slug":"voluntariado","status":"publish","type":"page","link":"https:\/\/nspuig.archimadrid.es\/?page_id=46","title":{"rendered":"Voluntariado"},"content":{"rendered":"<p><img decoding=\"async\" src=\"https:\/\/fundacionpioneros.org\/wp-content\/uploads\/2018\/05\/bannervoluntarios.jpg\" alt=\"Fundaci\u00f3n Pioneros | Voluntariado\" \/><\/p>\n<p>La parroquia Ntra. Sra. del Puig junto con la Parroquia San Timoteo ofrecen un voluntariado para aquellas personas que quieran colaborar con las actividades de la parroquia. Actualmente todo se dirige desde la Parroquia San Timoteo.<\/p>\n<ol>\n<li>Banco de Alimentos: Se necesitan voluntarios para que puedan acudir al Banco de alimentos y recoger la cantidad asignada para la Parroquia.<\/li>\n<li>Reparto Alimentos: Para repartir los alimentos a las familias que los han solicitado.<\/li>\n<li>Acogida de C\u00e1ritas: conviene que sean voluntarios con dotes inform\u00e1ticas.<\/li>\n<li>Almac\u00e9n de ropa y alimentos: puesta al d\u00eda y orden en el almacenamiento de v\u00edveres.<\/li>\n<\/ol>\n<p>Si quieres formar parte de alguno de estos voluntariados puedes ponerte en contacto con nosotros en la parroquia.<\/p>\n<p>Muchas gracias.<\/p>\n","protected":false},"excerpt":{"rendered":"<p>La parroquia Ntra. Sra. del Puig junto con la Parroquia San Timoteo ofrecen un voluntariado para aquellas personas que quieran colaborar con las actividades de la parroquia. Actualmente todo se dirige desde la Parroquia San Timoteo. Banco de Alimentos: Se &hellip; <a href=\"https:\/\/nspuig.archimadrid.es\/?page_id=46\">Sigue leyendo <span class=\"meta-nav\">&rarr;<\/span><\/a><\/p>\n","protected":false},"author":2,"featured_media":0,"parent":44,"menu_order":0,"comment_status":"open","ping_status":"open","template":"","meta":{"footnotes":""},"_links":{"self":[{"href":"https:\/\/nspuig.archimadrid.es\/index.php?rest_route=\/wp\/v2\/pages\/46"}],"collection":[{"href":"https:\/\/nspuig.archimadrid.es\/index.php?rest_route=\/wp\/v2\/pages"}],"about":[{"href":"https:\/\/nspuig.archimadrid.es\/index.php?rest_route=\/wp\/v2\/types\/page"}],"author":[{"embeddable":true,"href":"https:\/\/nspuig.archimadrid.es\/index.php?rest_route=\/wp\/v2\/users\/2"}],"replies":[{"embeddable":true,"href":"https:\/\/nspuig.archimadrid.es\/index.php?rest_route=%2Fwp%2Fv2%2Fcomments&post=46"}],"version-history":[{"count":5,"href":"https:\/\/nspuig.archimadrid.es\/index.php?rest_route=\/wp\/v2\/pages\/46\/revisions"}],"predecessor-version":[{"id":905,"href":"https:\/\/nspuig.archimadrid.es\/index.php?rest_route=\/wp\/v2\/pages\/46\/revisions\/905"}],"up":[{"embeddable":true,"href":"https:\/\/nspuig.archimadrid.es\/index.php?rest_route=\/wp\/v2\/pages\/44"}],"wp:attachment":[{"href":"https:\/\/nspuig.archimadrid.es\/index.php?rest_route=%2Fwp%2Fv2%2Fmedia&parent=46"}],"curies":[{"name":"wp","href":"https:\/\/api.w.org\/{rel}","templated":true}]}}