{"id":42,"date":"2014-11-28T15:17:24","date_gmt":"2014-11-28T15:17:24","guid":{"rendered":"http:\/\/nspuig.archimadrid.es\/?page_id=42"},"modified":"2025-09-25T20:22:04","modified_gmt":"2025-09-25T18:22:04","slug":"caritas","status":"publish","type":"page","link":"https:\/\/nspuig.archimadrid.es\/?page_id=42","title":{"rendered":"Caritas"},"content":{"rendered":"\n<p><strong>Acogida de C\u00e1ritas Parroquial<\/strong><\/p>\n\n\n\n<p>Para atenci\u00f3n\u00a0<strong>ACOGIDA DE C\u00c1RITAS<\/strong>: <\/p>\n\n\n\n<p>La acogida de C\u00e1ritas Parroquial tiene lugar <em><strong>los mi\u00e9rcoles de 10:00 a 12:00 h<\/strong><\/em>, entrando por la Calle Sierra de Gredos, 26.<\/p>\n\n\n\n<p>Para ser voluntario o colaborar con tu donativo, acudir al despacho parroquial.<\/p>\n\n\n\n<p><strong>Email de Acogida de C\u00e1ritas parroquial:<\/strong> parroquiapuigysantimoteo@gmail.com<\/p>\n\n\n\n<p><strong>DONATIVOS POR BIZUM: SAN TIMOTEO<\/strong>&nbsp;00086<\/p>\n\n\n\n<p><strong>(En verano, los meses de junio, julio, agosto y septiembre, se atiende en C\u00e1ritas Vicar\u00eda IV. C\/ Teniente Mu\u00f1oz D\u00edaz, 4. 28018. Telf. 914779941).<\/strong><\/p>\n","protected":false},"excerpt":{"rendered":"<p>Acogida de C\u00e1ritas Parroquial Para atenci\u00f3n\u00a0ACOGIDA DE C\u00c1RITAS: La acogida de C\u00e1ritas Parroquial tiene lugar los mi\u00e9rcoles de 10:00 a 12:00 h, entrando por la Calle Sierra de Gredos, 26. Para ser voluntario o colaborar con tu donativo, acudir al &hellip; <a href=\"https:\/\/nspuig.archimadrid.es\/?page_id=42\">Sigue leyendo <span class=\"meta-nav\">&rarr;<\/span><\/a><\/p>\n","protected":false},"author":2,"featured_media":0,"parent":0,"menu_order":0,"comment_status":"open","ping_status":"open","template":"","meta":{"footnotes":""},"_links":{"self":[{"href":"https:\/\/nspuig.archimadrid.es\/index.php?rest_route=\/wp\/v2\/pages\/42"}],"collection":[{"href":"https:\/\/nspuig.archimadrid.es\/index.php?rest_route=\/wp\/v2\/pages"}],"about":[{"href":"https:\/\/nspuig.archimadrid.es\/index.php?rest_route=\/wp\/v2\/types\/page"}],"author":[{"embeddable":true,"href":"https:\/\/nspuig.archimadrid.es\/index.php?rest_route=\/wp\/v2\/users\/2"}],"replies":[{"embeddable":true,"href":"https:\/\/nspuig.archimadrid.es\/index.php?rest_route=%2Fwp%2Fv2%2Fcomments&post=42"}],"version-history":[{"count":24,"href":"https:\/\/nspuig.archimadrid.es\/index.php?rest_route=\/wp\/v2\/pages\/42\/revisions"}],"predecessor-version":[{"id":1392,"href":"https:\/\/nspuig.archimadrid.es\/index.php?rest_route=\/wp\/v2\/pages\/42\/revisions\/1392"}],"wp:attachment":[{"href":"https:\/\/nspuig.archimadrid.es\/index.php?rest_route=%2Fwp%2Fv2%2Fmedia&parent=42"}],"curies":[{"name":"wp","href":"https:\/\/api.w.org\/{rel}","templated":true}]}}