{"id":591,"date":"2018-02-04T18:37:44","date_gmt":"2018-02-04T18:37:44","guid":{"rendered":"http:\/\/nspuig.archimadrid.es\/?page_id=591"},"modified":"2021-09-19T17:47:15","modified_gmt":"2021-09-19T15:47:15","slug":"nuevas-amistades","status":"publish","type":"page","link":"http:\/\/nspuig.archimadrid.es\/?page_id=591","title":{"rendered":"Nuevas Amistades"},"content":{"rendered":"<p><img decoding=\"async\" class=\"alignleft\" src=\"https:\/\/elimmigrante.files.wordpress.com\/2012\/08\/nuevas-amistades.jpg\" alt=\"NUEVAS AMISTADES | EL INMIGRANTE\" \/><\/p>\n<p>El grupo de Nuevas Amistades se re\u00fane en los salones de la parroquia San Timoteo y congrega a m\u00e1s de 100 socias.<\/p>\n<p>Tienen talleres de costura, manualidades, pintura en tela, gimnasia oriental, sevillanas, memorizaci\u00f3n, teatro, comunicaci\u00f3n, lectura comprensiva&#8230; Adem\u00e1s de hacer varias excursiones a lo largo del curso.<\/p>\n<p>Este curso 2021\/22 se seguir\u00e1n las pautas de restricci\u00f3n de aforo y distancia social.<\/p>\n<p>Todos los d\u00edas durante el curso acad\u00e9mico de lunes a jueves.<\/p>\n","protected":false},"excerpt":{"rendered":"<p>El grupo de Nuevas Amistades se re\u00fane en los salones de la parroquia San Timoteo y congrega a m\u00e1s de 100 socias. Tienen talleres de costura, manualidades, pintura en tela, gimnasia oriental, sevillanas, memorizaci\u00f3n, teatro, comunicaci\u00f3n, lectura comprensiva&#8230; Adem\u00e1s de &hellip; <a href=\"http:\/\/nspuig.archimadrid.es\/?page_id=591\">Sigue leyendo <span class=\"meta-nav\">&rarr;<\/span><\/a><\/p>\n","protected":false},"author":2,"featured_media":0,"parent":44,"menu_order":0,"comment_status":"closed","ping_status":"closed","template":"","meta":{"footnotes":""},"_links":{"self":[{"href":"http:\/\/nspuig.archimadrid.es\/index.php?rest_route=\/wp\/v2\/pages\/591"}],"collection":[{"href":"http:\/\/nspuig.archimadrid.es\/index.php?rest_route=\/wp\/v2\/pages"}],"about":[{"href":"http:\/\/nspuig.archimadrid.es\/index.php?rest_route=\/wp\/v2\/types\/page"}],"author":[{"embeddable":true,"href":"http:\/\/nspuig.archimadrid.es\/index.php?rest_route=\/wp\/v2\/users\/2"}],"replies":[{"embeddable":true,"href":"http:\/\/nspuig.archimadrid.es\/index.php?rest_route=%2Fwp%2Fv2%2Fcomments&post=591"}],"version-history":[{"count":3,"href":"http:\/\/nspuig.archimadrid.es\/index.php?rest_route=\/wp\/v2\/pages\/591\/revisions"}],"predecessor-version":[{"id":903,"href":"http:\/\/nspuig.archimadrid.es\/index.php?rest_route=\/wp\/v2\/pages\/591\/revisions\/903"}],"up":[{"embeddable":true,"href":"http:\/\/nspuig.archimadrid.es\/index.php?rest_route=\/wp\/v2\/pages\/44"}],"wp:attachment":[{"href":"http:\/\/nspuig.archimadrid.es\/index.php?rest_route=%2Fwp%2Fv2%2Fmedia&parent=591"}],"curies":[{"name":"wp","href":"https:\/\/api.w.org\/{rel}","templated":true}]}}