{"id":5,"date":"2014-06-14T14:40:27","date_gmt":"2014-06-14T14:40:27","guid":{"rendered":"http:\/\/nspuig.archimadrid.es\/?page_id=5"},"modified":"2025-09-19T17:55:15","modified_gmt":"2025-09-19T15:55:15","slug":"horarios","status":"publish","type":"page","link":"http:\/\/nspuig.archimadrid.es\/?page_id=5","title":{"rendered":"HORARIOS"},"content":{"rendered":"\n<h1 class=\"wp-block-heading\">Horarios<\/h1>\n\n\n\n<figure class=\"wp-block-table\"><table><tbody><tr><td colspan=\"2\"><strong>Horario Invierno\u00a0<\/strong><strong>(del 15 septiembre al 14 junio) <\/strong><strong>Parroquia Ntra. Sra. del Puig y S. Timoteo<\/strong><\/td><\/tr><tr><td><strong>&nbsp;<\/strong><strong>Misas<\/strong><\/td><td>&#8211;&nbsp;&nbsp;&nbsp;&nbsp;&nbsp;&nbsp;&nbsp;&nbsp;<strong>De lunes a viernes a<\/strong>&nbsp;<strong>19:00.<\/strong>&#8211;&nbsp;&nbsp;&nbsp;&nbsp;&nbsp;&nbsp;&nbsp;&nbsp;<strong>S\u00e1bados&nbsp;<\/strong><strong>\u00e0&nbsp;<\/strong><strong>10:00 y 19:00.<\/strong>&#8211;&nbsp;&nbsp;&nbsp;&nbsp;&nbsp;&nbsp;&nbsp;&nbsp;<strong>Domingos y Solemnidades&nbsp;<\/strong>\u00e0&nbsp;<strong>11:30 y 13:00.<\/strong><\/td><\/tr><tr><td><strong>Apertura del Templo<\/strong><\/td><td>&#8211;&nbsp;&nbsp;&nbsp;&nbsp;&nbsp;&nbsp;&nbsp;&nbsp;<strong>De Lunes a Viernes, de 17:00 a 20:00 h.<\/strong>&#8211;&nbsp;&nbsp;&nbsp;&nbsp;&nbsp;&nbsp;&nbsp;&nbsp;<strong>S\u00e1bados: de 09:00 a 11:00 y de 17:00 a 20:00 h.<\/strong>&#8211;&nbsp;&nbsp;&nbsp;&nbsp;&nbsp;&nbsp;&nbsp;&nbsp;<strong>Domingos: de 10:30 a 14:00 h.<\/strong><\/td><\/tr><tr><td><strong>Confesiones<\/strong><\/td><td><strong>CONFESIONES<\/strong>: Media hora antes de las Misas<\/td><\/tr><tr><td><strong>Rezo del Sto. Rosario<\/strong><\/td><td>De Lunes a S\u00e1bado, a las 18:30 h.<\/td><\/tr><tr><td><strong>Exposici\u00f3n Sant\u00edsimo<\/strong><\/td><td>Jueves de 17:00 a 19:00 h.<\/td><\/tr><tr><td><strong>Despacho Parroquial<\/strong><\/td><td>Martes, Mi\u00e9rcoles y Viernes de 17:00 a 18:30 h.<\/td><\/tr><tr><td><strong>Acogida de C\u00e1ritas<\/strong><\/td><td><strong>ACOGIDA DE C\u00c1RITAS<\/strong>: Mi\u00e9rcoles de 10:00 a 12:00 h.<\/td><\/tr><tr><td><strong>Tel\u00e9fono\/e-mail<\/strong><\/td><td><strong>913039525. nspuig@archimadrid.es&nbsp;&nbsp; santimoteo@archimadrid.es<\/strong><\/td><\/tr><tr><td><strong>Unci\u00f3n de enfermos<\/strong><\/td><td><strong>660 858 750<\/strong>. En peligro de muerte.<\/td><\/tr><\/tbody><\/table><\/figure>\n\n\n\n<p>P\u00e1gina web:&nbsp;&nbsp; nspuig.archimadrid.es<\/p>\n\n\n\n<figure class=\"wp-block-image size-large\"><a href=\"http:\/\/nspuig.archimadrid.es\/wp-content\/uploads\/2025\/06\/imagen-horario-verano-2025-1.jpg\"><img loading=\"lazy\" decoding=\"async\" width=\"1024\" height=\"593\" src=\"http:\/\/nspuig.archimadrid.es\/wp-content\/uploads\/2025\/06\/imagen-horario-verano-2025-1-1024x593.jpg\" alt=\"\" class=\"wp-image-1366\" srcset=\"http:\/\/nspuig.archimadrid.es\/wp-content\/uploads\/2025\/06\/imagen-horario-verano-2025-1-1024x593.jpg 1024w, http:\/\/nspuig.archimadrid.es\/wp-content\/uploads\/2025\/06\/imagen-horario-verano-2025-1-300x174.jpg 300w, http:\/\/nspuig.archimadrid.es\/wp-content\/uploads\/2025\/06\/imagen-horario-verano-2025-1-768x445.jpg 768w, http:\/\/nspuig.archimadrid.es\/wp-content\/uploads\/2025\/06\/imagen-horario-verano-2025-1-500x290.jpg 500w, http:\/\/nspuig.archimadrid.es\/wp-content\/uploads\/2025\/06\/imagen-horario-verano-2025-1.jpg 1077w\" sizes=\"(max-width: 1024px) 100vw, 1024px\" \/><\/a><\/figure>\n","protected":false},"excerpt":{"rendered":"<p>Horarios Horario Invierno\u00a0(del 15 septiembre al 14 junio) Parroquia Ntra. Sra. del Puig y S. Timoteo &nbsp;Misas &#8211;&nbsp;&nbsp;&nbsp;&nbsp;&nbsp;&nbsp;&nbsp;&nbsp;De lunes a viernes a&nbsp;19:00.&#8211;&nbsp;&nbsp;&nbsp;&nbsp;&nbsp;&nbsp;&nbsp;&nbsp;S\u00e1bados&nbsp;\u00e0&nbsp;10:00 y 19:00.&#8211;&nbsp;&nbsp;&nbsp;&nbsp;&nbsp;&nbsp;&nbsp;&nbsp;Domingos y Solemnidades&nbsp;\u00e0&nbsp;11:30 y 13:00. Apertura del Templo &#8211;&nbsp;&nbsp;&nbsp;&nbsp;&nbsp;&nbsp;&nbsp;&nbsp;De Lunes a Viernes, de 17:00 a 20:00 h.&#8211;&nbsp;&nbsp;&nbsp;&nbsp;&nbsp;&nbsp;&nbsp;&nbsp;S\u00e1bados: &hellip; <a href=\"http:\/\/nspuig.archimadrid.es\/?page_id=5\">Sigue leyendo <span class=\"meta-nav\">&rarr;<\/span><\/a><\/p>\n","protected":false},"author":2,"featured_media":0,"parent":0,"menu_order":2,"comment_status":"open","ping_status":"open","template":"","meta":{"footnotes":""},"_links":{"self":[{"href":"http:\/\/nspuig.archimadrid.es\/index.php?rest_route=\/wp\/v2\/pages\/5"}],"collection":[{"href":"http:\/\/nspuig.archimadrid.es\/index.php?rest_route=\/wp\/v2\/pages"}],"about":[{"href":"http:\/\/nspuig.archimadrid.es\/index.php?rest_route=\/wp\/v2\/types\/page"}],"author":[{"embeddable":true,"href":"http:\/\/nspuig.archimadrid.es\/index.php?rest_route=\/wp\/v2\/users\/2"}],"replies":[{"embeddable":true,"href":"http:\/\/nspuig.archimadrid.es\/index.php?rest_route=%2Fwp%2Fv2%2Fcomments&post=5"}],"version-history":[{"count":31,"href":"http:\/\/nspuig.archimadrid.es\/index.php?rest_route=\/wp\/v2\/pages\/5\/revisions"}],"predecessor-version":[{"id":1389,"href":"http:\/\/nspuig.archimadrid.es\/index.php?rest_route=\/wp\/v2\/pages\/5\/revisions\/1389"}],"wp:attachment":[{"href":"http:\/\/nspuig.archimadrid.es\/index.php?rest_route=%2Fwp%2Fv2%2Fmedia&parent=5"}],"curies":[{"name":"wp","href":"https:\/\/api.w.org\/{rel}","templated":true}]}}