{"id":321,"date":"2015-06-17T12:49:28","date_gmt":"2015-06-17T12:49:28","guid":{"rendered":"http:\/\/nspuig.archimadrid.es\/?page_id=321"},"modified":"2022-06-04T13:57:28","modified_gmt":"2022-06-04T11:57:28","slug":"jovenes-en-peregrinacion-mariana-al-santuario-de-fatima","status":"publish","type":"page","link":"http:\/\/nspuig.archimadrid.es\/?page_id=321","title":{"rendered":"Parroquia Solidaria"},"content":{"rendered":"<p><img decoding=\"async\" src=\"https:\/\/ladobe.com.mx\/wp-content\/uploads\/2015\/12\/Silla_12_3_1.jpg\" alt=\"Dise\u00f1an silla de ruedas rob\u00f3tica de bajo costo \u2022 LADO B\" \/><\/p>\n<p>Queremos formar un <em><strong>Fondo Solidario<\/strong><\/em> de material que puede servir a otras personas de modo puntual y que pueden estar en el almac\u00e9n de casa sin hacerles caso: muletas, sillas de ruedas, andadores, carritos de beb\u00e9, sillitas de ni\u00f1os para el coche,&#8230;<\/p>\n<p>Se har\u00eda una red solidaria para poner en contacto a personas con personas para utilizar este material sin coste alguno para nadie.<\/p>\n<p>\u00bfC\u00f3mo lo ves? T\u00fa tambi\u00e9n puedes formar parte de nuestra red solidaria.<\/p>\n","protected":false},"excerpt":{"rendered":"<p>Queremos formar un Fondo Solidario de material que puede servir a otras personas de modo puntual y que pueden estar en el almac\u00e9n de casa sin hacerles caso: muletas, sillas de ruedas, andadores, carritos de beb\u00e9, sillitas de ni\u00f1os para &hellip; <a href=\"http:\/\/nspuig.archimadrid.es\/?page_id=321\">Sigue leyendo <span class=\"meta-nav\">&rarr;<\/span><\/a><\/p>\n","protected":false},"author":2,"featured_media":0,"parent":0,"menu_order":0,"comment_status":"open","ping_status":"open","template":"","meta":{"footnotes":""},"_links":{"self":[{"href":"http:\/\/nspuig.archimadrid.es\/index.php?rest_route=\/wp\/v2\/pages\/321"}],"collection":[{"href":"http:\/\/nspuig.archimadrid.es\/index.php?rest_route=\/wp\/v2\/pages"}],"about":[{"href":"http:\/\/nspuig.archimadrid.es\/index.php?rest_route=\/wp\/v2\/types\/page"}],"author":[{"embeddable":true,"href":"http:\/\/nspuig.archimadrid.es\/index.php?rest_route=\/wp\/v2\/users\/2"}],"replies":[{"embeddable":true,"href":"http:\/\/nspuig.archimadrid.es\/index.php?rest_route=%2Fwp%2Fv2%2Fcomments&post=321"}],"version-history":[{"count":7,"href":"http:\/\/nspuig.archimadrid.es\/index.php?rest_route=\/wp\/v2\/pages\/321\/revisions"}],"predecessor-version":[{"id":998,"href":"http:\/\/nspuig.archimadrid.es\/index.php?rest_route=\/wp\/v2\/pages\/321\/revisions\/998"}],"wp:attachment":[{"href":"http:\/\/nspuig.archimadrid.es\/index.php?rest_route=%2Fwp%2Fv2%2Fmedia&parent=321"}],"curies":[{"name":"wp","href":"https:\/\/api.w.org\/{rel}","templated":true}]}}