{"id":2,"date":"2014-06-12T11:51:24","date_gmt":"2014-06-12T11:51:24","guid":{"rendered":"http:\/\/nspuig.archimadrid.es\/?page_id=2"},"modified":"2025-09-29T20:44:56","modified_gmt":"2025-09-29T18:44:56","slug":"pagina-ejemplo","status":"publish","type":"page","link":"http:\/\/nspuig.archimadrid.es\/?page_id=2","title":{"rendered":"Sacramentos\/Catequesis"},"content":{"rendered":"\n<div class=\"wp-block-file\"><a id=\"wp-block-file--media-55e1ed7f-d100-425f-a6fd-f98324c6f508\" href=\"http:\/\/nspuig.archimadrid.es\/wp-content\/uploads\/2025\/09\/Ficha-catequesis-sellos-25-26.pdf\">Ficha-catequesis-sellos-25-26<\/a><a href=\"http:\/\/nspuig.archimadrid.es\/wp-content\/uploads\/2025\/09\/Ficha-catequesis-sellos-25-26.pdf\" class=\"wp-block-file__button wp-element-button\" download aria-describedby=\"wp-block-file--media-55e1ed7f-d100-425f-a6fd-f98324c6f508\">Descarga<\/a><\/div>\n\n\n\n<p>1. <strong>EUCARIST\u00cdA<\/strong>, todos los d\u00edas a las 19:00. S\u00e1bados 10:00 y 19:00 h. Domingos y festivos 11:30 y 13:00 h.<\/p>\n\n\n\n<p>2. <strong>Catequesis de Primera Comuni\u00f3n , post-comuni\u00f3n y Confirmaci\u00f3n<\/strong> (preguntar en el despacho parroquial).<\/p>\n\n\n\n<p>3. <strong>BAUTIZOS<\/strong> (fines de semana). Previamente se tendr\u00e1 que hacer el cursillo prebautismal.<\/p>\n\n\n\n<p>4. <strong>MATRIMONIO<\/strong> (pedir informaci\u00f3n en el despacho parroquial)<\/p>\n\n\n\n<p>Os escribimos la documentaci\u00f3n necesaria que ten\u00e9is que presentar para el Expediente Matrimonial.<\/p>\n\n\n\n<p>A. Fotocopia del DNI o NIE de los Contrayentes.<\/p>\n\n\n\n<p>B. Certificado Literal de Nacimiento de los Contrayentes (se puede solicitar por internet al Registro Civil)<\/p>\n\n\n\n<p>C. Partidas de Bautismo de los Contrayentes (caduca a los 6 meses).&nbsp;<strong>IMPORTANTE:<\/strong>&nbsp;si son de fuera de la Di\u00f3cesis de Madrid tendr\u00e1n que venir&nbsp;LEGALIZADAS&nbsp;por el Obispado correspondiente.<\/p>\n\n\n\n<p>D. Certificado del Cursillo Prematrimonial realizado.<\/p>\n\n\n\n<p>E. Amonestaciones (se encarga la parroquia donde se inicia el expediente de editarlas)<\/p>\n\n\n\n<p>F. Una vez hechos los tr\u00e1mites anteriores se podr\u00e1 firmar el expediente con los testigos.<\/p>\n\n\n\n<p>G. Excepciones: En caso de matrimonio civil previo, matrimonio civil con divorcio posterior, tener menos de tres a\u00f1os viviendo en Espa\u00f1a, nulidad can\u00f3nica de un matrimonio anterior, no estar bautizado uno de los dos o ser de otra confesi\u00f3n cristiana, ser de otra religi\u00f3n, en caso de haber realizado votos religiosos anteriormente o en caso de viudez se deber\u00e1 adjuntar la documentaci\u00f3n requerida y tramitar todo en la Notar\u00eda de Matrimonios del Arzobispado de Madrid.<\/p>\n\n\n\n<p>*Ya no es necesario la FE DE VIDA Y ESTADO, por lo menos en la Archidi\u00f3cesis de Madrid.<\/p>\n\n\n\n<p>5.<strong>UNCI\u00d3N DE ENFERMOS<\/strong> (solicitarlo en la sacrist\u00eda).<\/p>\n\n\n\n<p>6. <strong>FUNERALES<\/strong> (de Lunes a Viernes a las 19:00 \u00f3 20:00 horas)<\/p>\n\n\n\n<p><strong>Pueden acudir al despacho parroquial<\/strong><\/p>\n","protected":false},"excerpt":{"rendered":"<p>1. EUCARIST\u00cdA, todos los d\u00edas a las 19:00. S\u00e1bados 10:00 y 19:00 h. Domingos y festivos 11:30 y 13:00 h. 2. Catequesis de Primera Comuni\u00f3n , post-comuni\u00f3n y Confirmaci\u00f3n (preguntar en el despacho parroquial). 3. BAUTIZOS (fines de semana). Previamente &hellip; <a href=\"http:\/\/nspuig.archimadrid.es\/?page_id=2\">Sigue leyendo <span class=\"meta-nav\">&rarr;<\/span><\/a><\/p>\n","protected":false},"author":1,"featured_media":0,"parent":0,"menu_order":4,"comment_status":"open","ping_status":"open","template":"","meta":{"footnotes":""},"_links":{"self":[{"href":"http:\/\/nspuig.archimadrid.es\/index.php?rest_route=\/wp\/v2\/pages\/2"}],"collection":[{"href":"http:\/\/nspuig.archimadrid.es\/index.php?rest_route=\/wp\/v2\/pages"}],"about":[{"href":"http:\/\/nspuig.archimadrid.es\/index.php?rest_route=\/wp\/v2\/types\/page"}],"author":[{"embeddable":true,"href":"http:\/\/nspuig.archimadrid.es\/index.php?rest_route=\/wp\/v2\/users\/1"}],"replies":[{"embeddable":true,"href":"http:\/\/nspuig.archimadrid.es\/index.php?rest_route=%2Fwp%2Fv2%2Fcomments&post=2"}],"version-history":[{"count":20,"href":"http:\/\/nspuig.archimadrid.es\/index.php?rest_route=\/wp\/v2\/pages\/2\/revisions"}],"predecessor-version":[{"id":1395,"href":"http:\/\/nspuig.archimadrid.es\/index.php?rest_route=\/wp\/v2\/pages\/2\/revisions\/1395"}],"wp:attachment":[{"href":"http:\/\/nspuig.archimadrid.es\/index.php?rest_route=%2Fwp%2Fv2%2Fmedia&parent=2"}],"curies":[{"name":"wp","href":"https:\/\/api.w.org\/{rel}","templated":true}]}}