{"id":1430,"date":"2025-11-19T18:55:35","date_gmt":"2025-11-19T17:55:35","guid":{"rendered":"http:\/\/nspuig.archimadrid.es\/?page_id=1430"},"modified":"2025-11-19T20:08:27","modified_gmt":"2025-11-19T19:08:27","slug":"nuevo-templo-parroquial","status":"publish","type":"page","link":"http:\/\/nspuig.archimadrid.es\/?page_id=1430","title":{"rendered":"NUEVO TEMPLO PARROQUIAL"},"content":{"rendered":"\n<figure class=\"wp-block-image size-full is-resized\"><a href=\"http:\/\/nspuig.archimadrid.es\/wp-content\/uploads\/2025\/11\/image-1.png\"><img loading=\"lazy\" decoding=\"async\" width=\"454\" height=\"256\" src=\"http:\/\/nspuig.archimadrid.es\/wp-content\/uploads\/2025\/11\/image-1.png\" alt=\"\" class=\"wp-image-1431\" style=\"width:614px;height:auto\" srcset=\"http:\/\/nspuig.archimadrid.es\/wp-content\/uploads\/2025\/11\/image-1.png 454w, http:\/\/nspuig.archimadrid.es\/wp-content\/uploads\/2025\/11\/image-1-300x169.png 300w\" sizes=\"(max-width: 454px) 100vw, 454px\" \/><\/a><\/figure>\n\n\n\n<p>     Ay\u00fadanos a construir el Nuevo Templo Parroquial de Ntra. Sra. del Puig y San Timoteo donde se podr\u00e1 seguir atendiendo las tareas parroquiales en medio de un barrio que no para de crecer.<\/p>\n\n\n\n<p>     Estar\u00e1 situado al lado de la Rotonda de la cabeza Olmeca, en la uni\u00f3n de las calles Honrubia y Puerto de Porzuna.<\/p>\n\n\n\n<p>     Puedes venir a rezar el Santo Rosario todos los s\u00e1bados a las 08:15 horas de la ma\u00f1ana en la Parcela solicitada al Ayuntamiento.<\/p>\n\n\n\n<p>     Tambi\u00e9n puedes colaborar con tu donativo enviando un BIZUM al 00086.<\/p>\n\n\n\n<p>     Muchas gracias.<\/p>\n\n\n\n<div class=\"wp-block-file\"><a id=\"wp-block-file--media-c86863c6-1bd7-45ad-be7a-ba03c8f55976\" href=\"http:\/\/nspuig.archimadrid.es\/wp-content\/uploads\/2025\/11\/triptico-proyecto-solidario-2025-y-2026.pdf\">triptico-proyecto-solidario-2025-y-2026<\/a><a href=\"http:\/\/nspuig.archimadrid.es\/wp-content\/uploads\/2025\/11\/triptico-proyecto-solidario-2025-y-2026.pdf\" class=\"wp-block-file__button wp-element-button\" download aria-describedby=\"wp-block-file--media-c86863c6-1bd7-45ad-be7a-ba03c8f55976\">Descarga<\/a><\/div>\n","protected":false},"excerpt":{"rendered":"<p>Ay\u00fadanos a construir el Nuevo Templo Parroquial de Ntra. Sra. del Puig y San Timoteo donde se podr\u00e1 seguir atendiendo las tareas parroquiales en medio de un barrio que no para de crecer. Estar\u00e1 situado al lado de la Rotonda &hellip; <a href=\"http:\/\/nspuig.archimadrid.es\/?page_id=1430\">Sigue leyendo <span class=\"meta-nav\">&rarr;<\/span><\/a><\/p>\n","protected":false},"author":2,"featured_media":0,"parent":0,"menu_order":0,"comment_status":"closed","ping_status":"closed","template":"","meta":{"footnotes":""},"_links":{"self":[{"href":"http:\/\/nspuig.archimadrid.es\/index.php?rest_route=\/wp\/v2\/pages\/1430"}],"collection":[{"href":"http:\/\/nspuig.archimadrid.es\/index.php?rest_route=\/wp\/v2\/pages"}],"about":[{"href":"http:\/\/nspuig.archimadrid.es\/index.php?rest_route=\/wp\/v2\/types\/page"}],"author":[{"embeddable":true,"href":"http:\/\/nspuig.archimadrid.es\/index.php?rest_route=\/wp\/v2\/users\/2"}],"replies":[{"embeddable":true,"href":"http:\/\/nspuig.archimadrid.es\/index.php?rest_route=%2Fwp%2Fv2%2Fcomments&post=1430"}],"version-history":[{"count":3,"href":"http:\/\/nspuig.archimadrid.es\/index.php?rest_route=\/wp\/v2\/pages\/1430\/revisions"}],"predecessor-version":[{"id":1435,"href":"http:\/\/nspuig.archimadrid.es\/index.php?rest_route=\/wp\/v2\/pages\/1430\/revisions\/1435"}],"wp:attachment":[{"href":"http:\/\/nspuig.archimadrid.es\/index.php?rest_route=%2Fwp%2Fv2%2Fmedia&parent=1430"}],"curies":[{"name":"wp","href":"https:\/\/api.w.org\/{rel}","templated":true}]}}